{"id":156,"date":"2018-06-22T19:03:51","date_gmt":"2018-06-22T19:03:51","guid":{"rendered":"http:\/\/blascozumeta.com\/torres\/?page_id=156"},"modified":"2023-02-14T12:02:06","modified_gmt":"2023-02-14T12:02:06","slug":"inicio","status":"publish","type":"page","link":"http:\/\/blascozumeta.com\/torres\/","title":{"rendered":"Inicio"},"content":{"rendered":"\n<div class=\"wp-block-cover alignfull is-light intro\" style=\"padding-top:40px;padding-right:40px;padding-bottom:40px;padding-left:40px;min-height:267px;aspect-ratio:unset;\"><span aria-hidden=\"true\" class=\"wp-block-cover__background has-background-dim-100 has-background-dim\" style=\"background-color:#8dbb27\"><\/span><div class=\"wp-block-cover__inner-container is-layout-flow wp-block-cover-is-layout-flow\">\n<h1 class=\"alignfull has-text-align-center has-black-color has-text-color wp-block-heading\" style=\"font-size:46px;font-style:normal;font-weight:600\">Caminando pueblos : Torres de Arag\u00f3n<\/h1>\n<\/div><\/div>\n\n\n<p>\u00a1Hola! Tenemos nuestros gustos personales y pasear pueblos, sin prisa, es uno de ellos. Moverte por unas calles que son testigos de los afanes de los vecinos sin tener ninguno nos resulta agradable. As\u00ed que paseamos pueblos. Cuando podemos. Esta p\u00e1gina quiere ser testigo de este pasatiempo aprehendiendo una de las esencias de los sitios peque\u00f1os: la torre de la iglesia. Si encuentras aqu\u00ed el campanario o el campanil o la espada\u00f1a de tu pueblo, es que ya hemos pasado por all\u00ed. Y si no lo est\u00e1 &#8230; estar\u00e1.<br \/>Victoria Zumeta y Javier Blasco<\/p>","protected":false},"excerpt":{"rendered":"<p>\u00a1Hola! Tenemos nuestros gustos personales y pasear pueblos, sin prisa, es uno de ellos. Moverte por unas calles que son testigos de los afanes de los vecinos sin tener ninguno nos resulta agradable. As\u00ed que paseamos pueblos. Cuando podemos. Esta p\u00e1gina quiere ser testigo de este pasatiempo aprehendiendo una de las esencias de los sitios &hellip;<\/p>\n","protected":false},"author":1,"featured_media":0,"parent":0,"menu_order":0,"comment_status":"closed","ping_status":"closed","template":"","meta":{"footnotes":""},"class_list":["post-156","page","type-page","status-publish","hentry"],"_links":{"self":[{"href":"http:\/\/blascozumeta.com\/torres\/index.php?rest_route=\/wp\/v2\/pages\/156","targetHints":{"allow":["GET"]}}],"collection":[{"href":"http:\/\/blascozumeta.com\/torres\/index.php?rest_route=\/wp\/v2\/pages"}],"about":[{"href":"http:\/\/blascozumeta.com\/torres\/index.php?rest_route=\/wp\/v2\/types\/page"}],"author":[{"embeddable":true,"href":"http:\/\/blascozumeta.com\/torres\/index.php?rest_route=\/wp\/v2\/users\/1"}],"replies":[{"embeddable":true,"href":"http:\/\/blascozumeta.com\/torres\/index.php?rest_route=%2Fwp%2Fv2%2Fcomments&post=156"}],"version-history":[{"count":1,"href":"http:\/\/blascozumeta.com\/torres\/index.php?rest_route=\/wp\/v2\/pages\/156\/revisions"}],"predecessor-version":[{"id":178,"href":"http:\/\/blascozumeta.com\/torres\/index.php?rest_route=\/wp\/v2\/pages\/156\/revisions\/178"}],"wp:attachment":[{"href":"http:\/\/blascozumeta.com\/torres\/index.php?rest_route=%2Fwp%2Fv2%2Fmedia&parent=156"}],"curies":[{"name":"wp","href":"https:\/\/api.w.org\/{rel}","templated":true}]}}